{"id":4285,"date":"2018-11-12T11:50:12","date_gmt":"2018-11-12T10:50:12","guid":{"rendered":"https:\/\/demo.themeisle.com\/hestia-default\/blog\/"},"modified":"2021-10-03T20:01:58","modified_gmt":"2021-10-03T19:01:58","slug":"guias","status":"publish","type":"page","link":"https:\/\/bahai-canarias.es\/guias\/","title":{"rendered":"GUIAS"},"content":{"rendered":"\t\t<div data-elementor-type=\"wp-page\" data-elementor-id=\"4285\" class=\"elementor elementor-4285\" data-elementor-settings=\"[]\">\n\t\t\t\t\t\t<div class=\"elementor-inner\">\n\t\t\t\t\t\t\t<div class=\"elementor-section-wrap\">\n\t\t\t\t\t\t\t<section class=\"elementor-section elementor-top-section elementor-element elementor-element-a638654 elementor-section-boxed elementor-section-height-default elementor-section-height-default\" data-id=\"a638654\" data-element_type=\"section\" data-settings=\"{&quot;background_background&quot;:&quot;classic&quot;}\">\n\t\t\t\t\t\t\t<div class=\"elementor-background-overlay\"><\/div>\n\t\t\t\t\t\t\t<div class=\"elementor-container elementor-column-gap-default\">\n\t\t\t\t\t\t\t<div class=\"elementor-row\">\n\t\t\t\t\t<div class=\"elementor-column elementor-col-50 elementor-top-column elementor-element elementor-element-0a62aeb\" data-id=\"0a62aeb\" data-element_type=\"column\" data-settings=\"{&quot;background_background&quot;:&quot;classic&quot;}\">\n\t\t\t<div class=\"elementor-column-wrap elementor-element-populated\">\n\t\t\t\t\t\t\t<div class=\"elementor-widget-wrap\">\n\t\t\t\t\t\t<div class=\"elementor-element elementor-element-d063685 elementor-widget elementor-widget-heading\" data-id=\"d063685\" data-element_type=\"widget\" data-widget_type=\"heading.default\">\n\t\t\t\t<div class=\"elementor-widget-container\">\n\t\t\t<h3 class=\"elementor-heading-title elementor-size-default\">Documentos y gu\u00edas<\/h3>\t\t<\/div>\n\t\t\t\t<\/div>\n\t\t\t\t\t\t<\/div>\n\t\t\t\t\t<\/div>\n\t\t<\/div>\n\t\t\t\t<div class=\"elementor-column elementor-col-50 elementor-top-column elementor-element elementor-element-b57b981\" data-id=\"b57b981\" data-element_type=\"column\" data-settings=\"{&quot;background_background&quot;:&quot;classic&quot;}\">\n\t\t\t<div class=\"elementor-column-wrap elementor-element-populated\">\n\t\t\t\t\t\t\t<div class=\"elementor-widget-wrap\">\n\t\t\t\t\t\t<div class=\"elementor-element elementor-element-573892e elementor-search-form--skin-minimal elementor-widget elementor-widget-search-form\" data-id=\"573892e\" data-element_type=\"widget\" data-settings=\"{&quot;skin&quot;:&quot;minimal&quot;}\" data-widget_type=\"search-form.default\">\n\t\t\t\t<div class=\"elementor-widget-container\">\n\t\t\t\t\t<form class=\"elementor-search-form\" role=\"search\" action=\"https:\/\/bahai-canarias.es\/guias\" method=\"get\">\n\t\t\t\t\t\t\t\t\t<div class=\"elementor-search-form__container\">\n\t\t\t\t\t\t\t\t\t<div class=\"elementor-search-form__icon\">\n\t\t\t\t\t\t<i aria-hidden=\"true\" class=\"fas fa-search\"><\/i>\t\t\t\t\t\t<span class=\"elementor-screen-only\">Search<\/span>\n\t\t\t\t\t<\/div>\n\t\t\t\t\t\t\t\t<input placeholder=\"Buscar...\" class=\"elementor-search-form__input\" type=\"search\" name=\"s\" title=\"Search\" value=\"\">\n\t\t\t\t\t\t\t\t\t\t\t\t\t\t\t<\/div>\n\t\t<\/form>\n\t\t\t\t<\/div>\n\t\t\t\t<\/div>\n\t\t\t\t\t\t<\/div>\n\t\t\t\t\t<\/div>\n\t\t<\/div>\n\t\t\t\t\t\t\t\t<\/div>\n\t\t\t\t\t<\/div>\n\t\t<\/section>\n\t\t\t\t<section class=\"elementor-section elementor-top-section elementor-element elementor-element-e7db171 elementor-section-boxed elementor-section-height-default elementor-section-height-default\" data-id=\"e7db171\" data-element_type=\"section\" data-settings=\"{&quot;background_background&quot;:&quot;classic&quot;}\">\n\t\t\t\t\t\t\t<div class=\"elementor-background-overlay\"><\/div>\n\t\t\t\t\t\t\t<div class=\"elementor-container elementor-column-gap-default\">\n\t\t\t\t\t\t\t<div class=\"elementor-row\">\n\t\t\t\t\t<div class=\"elementor-column elementor-col-50 elementor-top-column elementor-element elementor-element-f6a6824\" data-id=\"f6a6824\" data-element_type=\"column\" data-settings=\"{&quot;background_background&quot;:&quot;classic&quot;}\">\n\t\t\t<div class=\"elementor-column-wrap elementor-element-populated\">\n\t\t\t\t\t\t\t<div class=\"elementor-widget-wrap\">\n\t\t\t\t\t\t<div class=\"elementor-element elementor-element-4439321 elementor-grid-2 elementor-grid-tablet-2 elementor-grid-mobile-1 elementor-posts--thumbnail-top elementor-widget elementor-widget-posts\" data-id=\"4439321\" data-element_type=\"widget\" data-settings=\"{&quot;pagination_type&quot;:&quot;numbers_and_prev_next&quot;,&quot;classic_columns&quot;:&quot;2&quot;,&quot;classic_row_gap&quot;:{&quot;unit&quot;:&quot;px&quot;,&quot;size&quot;:10,&quot;sizes&quot;:[]},&quot;classic_columns_tablet&quot;:&quot;2&quot;,&quot;classic_columns_mobile&quot;:&quot;1&quot;}\" data-widget_type=\"posts.classic\">\n\t\t\t\t<div class=\"elementor-widget-container\">\n\t\t\t\t\t<div class=\"elementor-posts-container elementor-posts elementor-posts--skin-classic elementor-grid\">\n\t\t\t\t<article class=\"elementor-post elementor-grid-item post-6547 post type-post status-publish format-standard hentry category-casa-universal-de-justicia\">\n\t\t\t\t<div class=\"elementor-post__text\">\n\t\t\t\t<h3 class=\"elementor-post__title\">\n\t\t\t<a href=\"https:\/\/bahai-canarias.es\/guias\/2023-04-cuj-ridvan\/\" >\n\t\t\t\t2023 04 CUJ Mensaje Ridv\u00e1n\t\t\t<\/a>\n\t\t<\/h3>\n\t\t\t\t<div class=\"elementor-post__meta-data\">\n\t\t\t\t\t<span class=\"elementor-post-date\">\n\t\t\t20\/04\/2023\t\t<\/span>\n\t\t\t\t<\/div>\n\t\t\t\t<\/div>\n\t\t\t\t<\/article>\n\t\t\t\t<article class=\"elementor-post elementor-grid-item post-6543 post type-post status-publish format-standard hentry category-casa-universal-de-justicia\">\n\t\t\t\t<div class=\"elementor-post__text\">\n\t\t\t\t<h3 class=\"elementor-post__title\">\n\t\t\t<a href=\"https:\/\/bahai-canarias.es\/guias\/20220524cuj\/\" >\n\t\t\t\t2022 05 24 CUJ Pionerismo\t\t\t<\/a>\n\t\t<\/h3>\n\t\t\t\t<div class=\"elementor-post__meta-data\">\n\t\t\t\t\t<span class=\"elementor-post-date\">\n\t\t\t24\/05\/2022\t\t<\/span>\n\t\t\t\t<\/div>\n\t\t\t\t<\/div>\n\t\t\t\t<\/article>\n\t\t\t\t<article class=\"elementor-post elementor-grid-item post-6541 post type-post status-publish format-standard hentry category-casa-universal-de-justicia\">\n\t\t\t\t<div class=\"elementor-post__text\">\n\t\t\t\t<h3 class=\"elementor-post__title\">\n\t\t\t<a href=\"https:\/\/bahai-canarias.es\/guias\/202204ridvan\/\" >\n\t\t\t\t2022 04 CUJ Mensaje Ridv\u00e1n\t\t\t<\/a>\n\t\t<\/h3>\n\t\t\t\t<div class=\"elementor-post__meta-data\">\n\t\t\t\t\t<span class=\"elementor-post-date\">\n\t\t\t01\/04\/2022\t\t<\/span>\n\t\t\t\t<\/div>\n\t\t\t\t<\/div>\n\t\t\t\t<\/article>\n\t\t\t\t<article class=\"elementor-post elementor-grid-item post-6539 post type-post status-publish format-standard hentry category-estadisticas\">\n\t\t\t\t<div class=\"elementor-post__text\">\n\t\t\t\t<h3 class=\"elementor-post__title\">\n\t\t\t<a href=\"https:\/\/bahai-canarias.es\/guias\/202202srp\/\" >\n\t\t\t\t2022 02 SRP Sistemas estad\u00edsticos en las regiones\t\t\t<\/a>\n\t\t<\/h3>\n\t\t\t\t<div class=\"elementor-post__meta-data\">\n\t\t\t\t\t<span class=\"elementor-post-date\">\n\t\t\t01\/02\/2022\t\t<\/span>\n\t\t\t\t<\/div>\n\t\t\t\t<\/div>\n\t\t\t\t<\/article>\n\t\t\t\t<article class=\"elementor-post elementor-grid-item post-6537 post type-post status-publish format-standard hentry category-casa-universal-de-justicia\">\n\t\t\t\t<div class=\"elementor-post__text\">\n\t\t\t\t<h3 class=\"elementor-post__title\">\n\t\t\t<a href=\"https:\/\/bahai-canarias.es\/guias\/20220104cuj\/\" >\n\t\t\t\t2022 01 04 CUJ A los bah\u00e1&#8217;\u00eds del mundo\t\t\t<\/a>\n\t\t<\/h3>\n\t\t\t\t<div class=\"elementor-post__meta-data\">\n\t\t\t\t\t<span class=\"elementor-post-date\">\n\t\t\t04\/01\/2022\t\t<\/span>\n\t\t\t\t<\/div>\n\t\t\t\t<\/div>\n\t\t\t\t<\/article>\n\t\t\t\t<article class=\"elementor-post elementor-grid-item post-6535 post type-post status-publish format-standard hentry category-casa-universal-de-justicia\">\n\t\t\t\t<div class=\"elementor-post__text\">\n\t\t\t\t<h3 class=\"elementor-post__title\">\n\t\t\t<a href=\"https:\/\/bahai-canarias.es\/guias\/20220101cuj\/\" >\n\t\t\t\t2022 01 01 CUJ A los bah\u00e1&#8217;\u00eds del mundo\t\t\t<\/a>\n\t\t<\/h3>\n\t\t\t\t<div class=\"elementor-post__meta-data\">\n\t\t\t\t\t<span class=\"elementor-post-date\">\n\t\t\t01\/01\/2022\t\t<\/span>\n\t\t\t\t<\/div>\n\t\t\t\t<\/div>\n\t\t\t\t<\/article>\n\t\t\t\t<article class=\"elementor-post elementor-grid-item post-6528 post type-post status-publish format-standard hentry category-casa-universal-de-justicia\">\n\t\t\t\t<div class=\"elementor-post__text\">\n\t\t\t\t<h3 class=\"elementor-post__title\">\n\t\t\t<a href=\"https:\/\/bahai-canarias.es\/guias\/2021-12-30-cuj\/\" >\n\t\t\t\t2021 12 30 CUJ A los Cuerpos Continentales de Consejeros\t\t\t<\/a>\n\t\t<\/h3>\n\t\t\t\t<div class=\"elementor-post__meta-data\">\n\t\t\t\t\t<span class=\"elementor-post-date\">\n\t\t\t30\/12\/2021\t\t<\/span>\n\t\t\t\t<\/div>\n\t\t\t\t<\/div>\n\t\t\t\t<\/article>\n\t\t\t\t<article class=\"elementor-post elementor-grid-item post-6525 post type-post status-publish format-standard hentry category-casa-universal-de-justicia\">\n\t\t\t\t<div class=\"elementor-post__text\">\n\t\t\t\t<h3 class=\"elementor-post__title\">\n\t\t\t<a href=\"https:\/\/bahai-canarias.es\/guias\/2021-11-27-homenaje-cuj-a-abdul-baha\/\" >\n\t\t\t\t2021 11 27 Homenaje CUJ a &#8216;Abdu&#8217;l-Baha\u0301\t\t\t<\/a>\n\t\t<\/h3>\n\t\t\t\t<div class=\"elementor-post__meta-data\">\n\t\t\t\t\t<span class=\"elementor-post-date\">\n\t\t\t27\/11\/2021\t\t<\/span>\n\t\t\t\t<\/div>\n\t\t\t\t<\/div>\n\t\t\t\t<\/article>\n\t\t\t\t<article class=\"elementor-post elementor-grid-item post-6454 post type-post status-publish format-standard hentry category-casa-universal-de-justicia\">\n\t\t\t\t<div class=\"elementor-post__text\">\n\t\t\t\t<h3 class=\"elementor-post__title\">\n\t\t\t<a href=\"https:\/\/bahai-canarias.es\/guias\/2021-cuj-mensaje-del-rid%cc%a3van\/\" >\n\t\t\t\t2021 CUJ Mensaje del Rid\u0323v\u00e1n\t\t\t<\/a>\n\t\t<\/h3>\n\t\t\t\t<div class=\"elementor-post__meta-data\">\n\t\t\t\t\t<span class=\"elementor-post-date\">\n\t\t\t20\/04\/2021\t\t<\/span>\n\t\t\t\t<\/div>\n\t\t\t\t<\/div>\n\t\t\t\t<\/article>\n\t\t\t\t<article class=\"elementor-post elementor-grid-item post-6450 post type-post status-publish format-standard hentry category-casa-universal-de-justicia\">\n\t\t\t\t<div class=\"elementor-post__text\">\n\t\t\t\t<h3 class=\"elementor-post__title\">\n\t\t\t<a href=\"https:\/\/bahai-canarias.es\/guias\/2020-11-25-cuj\/\" >\n\t\t\t\t2020 11 25 CUJ A los bah\u00e1&#8217;\u00eds del mundo\t\t\t<\/a>\n\t\t<\/h3>\n\t\t\t\t<div class=\"elementor-post__meta-data\">\n\t\t\t\t\t<span class=\"elementor-post-date\">\n\t\t\t25\/11\/2020\t\t<\/span>\n\t\t\t\t<\/div>\n\t\t\t\t<\/div>\n\t\t\t\t<\/article>\n\t\t\t\t<article class=\"elementor-post elementor-grid-item post-6341 post type-post status-publish format-standard hentry category-casa-universal-de-justicia tag-a-las-asambleas-nacionales\">\n\t\t\t\t<div class=\"elementor-post__text\">\n\t\t\t\t<h3 class=\"elementor-post__title\">\n\t\t\t<a href=\"https:\/\/bahai-canarias.es\/guias\/2020-05-09-cuj-a-las-aen\/\" >\n\t\t\t\t2020 05 09 CUJ a las AEN\t\t\t<\/a>\n\t\t<\/h3>\n\t\t\t\t<div class=\"elementor-post__meta-data\">\n\t\t\t\t\t<span class=\"elementor-post-date\">\n\t\t\t09\/05\/2020\t\t<\/span>\n\t\t\t\t<\/div>\n\t\t\t\t<\/div>\n\t\t\t\t<\/article>\n\t\t\t\t<article class=\"elementor-post elementor-grid-item post-6329 post type-post status-publish format-standard hentry category-casa-universal-de-justicia tag-ridvan\">\n\t\t\t\t<div class=\"elementor-post__text\">\n\t\t\t\t<h3 class=\"elementor-post__title\">\n\t\t\t<a href=\"https:\/\/bahai-canarias.es\/guias\/2020-cuj-mensaje-del-ridvan\/\" >\n\t\t\t\t2020 CUJ Mensaje del Ridv\u00e1n\t\t\t<\/a>\n\t\t<\/h3>\n\t\t\t\t<div class=\"elementor-post__meta-data\">\n\t\t\t\t\t<span class=\"elementor-post-date\">\n\t\t\t20\/04\/2020\t\t<\/span>\n\t\t\t\t<\/div>\n\t\t\t\t<\/div>\n\t\t\t\t<\/article>\n\t\t\t\t<article class=\"elementor-post elementor-grid-item post-6334 post type-post status-publish format-standard hentry category-casa-universal-de-justicia\">\n\t\t\t\t<div class=\"elementor-post__text\">\n\t\t\t\t<h3 class=\"elementor-post__title\">\n\t\t\t<a href=\"https:\/\/bahai-canarias.es\/guias\/2020-03-19-cuj-naw-ruz-177\/\" >\n\t\t\t\t2020 03 19 CUJ Naw-R\u00faz 177\t\t\t<\/a>\n\t\t<\/h3>\n\t\t\t\t<div class=\"elementor-post__meta-data\">\n\t\t\t\t\t<span class=\"elementor-post-date\">\n\t\t\t19\/03\/2020\t\t<\/span>\n\t\t\t\t<\/div>\n\t\t\t\t<\/div>\n\t\t\t\t<\/article>\n\t\t\t\t<article class=\"elementor-post elementor-grid-item post-6384 post type-post status-publish format-standard hentry category-casa-universal-de-justicia\">\n\t\t\t\t<div class=\"elementor-post__text\">\n\t\t\t\t<h3 class=\"elementor-post__title\">\n\t\t\t<a href=\"https:\/\/bahai-canarias.es\/guias\/2019-12-01-cuj-a-las-aen\/\" >\n\t\t\t\t2019 12 01 CUJ a las AEN\t\t\t<\/a>\n\t\t<\/h3>\n\t\t\t\t<div class=\"elementor-post__meta-data\">\n\t\t\t\t\t<span class=\"elementor-post-date\">\n\t\t\t01\/12\/2019\t\t<\/span>\n\t\t\t\t<\/div>\n\t\t\t\t<\/div>\n\t\t\t\t<\/article>\n\t\t\t\t<\/div>\n\n\n\t\t\n\t\t\t\t<div class=\"e-load-more-anchor\" data-page=\"1\" data-max-page=\"3\"><\/div>\n\t\t\t\t<nav class=\"elementor-pagination\" role=\"navigation\" aria-label=\"Pagination\">\n\t\t\t<span class=\"page-numbers prev\">&laquo; Anterior<\/span>\n<span aria-current=\"page\" class=\"page-numbers current\"><span class=\"elementor-screen-only\">Page<\/span>1<\/span>\n<a class=\"page-numbers\" href=\"https:\/\/bahai-canarias.es\/guias\/wp-json\/wp\/v2\/pages\/4285\/page\/2\/\"><span class=\"elementor-screen-only\">Page<\/span>2<\/a>\n<a class=\"page-numbers\" href=\"https:\/\/bahai-canarias.es\/guias\/wp-json\/wp\/v2\/pages\/4285\/page\/3\/\"><span class=\"elementor-screen-only\">Page<\/span>3<\/a>\n<a class=\"page-numbers next\" href=\"https:\/\/bahai-canarias.es\/guias\/wp-json\/wp\/v2\/pages\/4285\/page\/2\/\">Siguiente &raquo;<\/a>\t\t<\/nav>\n\t\t\t\t<\/div>\n\t\t\t\t<\/div>\n\t\t\t\t\t\t<\/div>\n\t\t\t\t\t<\/div>\n\t\t<\/div>\n\t\t\t\t<div class=\"elementor-column elementor-col-50 elementor-top-column elementor-element elementor-element-ca1653a\" data-id=\"ca1653a\" data-element_type=\"column\" data-settings=\"{&quot;background_background&quot;:&quot;classic&quot;}\">\n\t\t\t<div class=\"elementor-column-wrap elementor-element-populated\">\n\t\t\t\t\t\t\t<div class=\"elementor-widget-wrap\">\n\t\t\t\t\t\t<div class=\"elementor-element elementor-element-949d366 elementor-widget elementor-widget-text-editor\" data-id=\"949d366\" data-element_type=\"widget\" data-widget_type=\"text-editor.default\">\n\t\t\t\t<div class=\"elementor-widget-container\">\n\t\t\t\t\t\t\t\t<div class=\"elementor-text-editor elementor-clearfix\">\n\t\t\t\t<div class=\"page\" title=\"Page 1\"><div class=\"layoutArea\"><div class=\"column\"><p><\/p><div class=\"page\" title=\"Page 3\"><div class=\"layoutArea\"><div class=\"column\"><div class=\"page\" title=\"Page 4\"><div class=\"layoutArea\"><div class=\"column\"><div class=\"page\" title=\"Page 4\"><div class=\"layoutArea\"><div class=\"column\"><div class=\"page\" title=\"Page 4\"><div class=\"layoutArea\"><div class=\"column\"><b><span>Referencias<\/span><\/b><\/div><div class=\"column\"><b><span>\u00a0<\/span><\/b><\/div><\/div><\/div><\/div><\/div><\/div><\/div><\/div><\/div><\/div><\/div><\/div><\/div><\/div><\/div>\t\t\t\t\t<\/div>\n\t\t\t\t\t\t<\/div>\n\t\t\t\t<\/div>\n\t\t\t\t<div class=\"elementor-element elementor-element-da02e43 elementor-widget elementor-widget-text-editor\" data-id=\"da02e43\" data-element_type=\"widget\" data-widget_type=\"text-editor.default\">\n\t\t\t\t<div class=\"elementor-widget-container\">\n\t\t\t\t\t\t\t\t<div class=\"elementor-text-editor elementor-clearfix\">\n\t\t\t\t<div class=\"page\" title=\"Page 1\"><div class=\"layoutArea\"><div class=\"column\"><p>Conversaciones significativas<\/p><p>J\u00f3venes<o:p><\/o:p><\/p><p>Ense\u00f1anza de la fe<o:p><\/o:p><\/p><p>Aumento de recursos y de la participaci\u00f3n<o:p><\/o:p><\/p><p>Barrios o centros de actividad intensa<o:p><\/o:p><\/p><p>Apropiaci\u00f3n<o:p><\/o:p><\/p><p>Receptividad<o:p><\/o:p><\/p><p>Cultura y ambiente proceso de crecimiento <o:p><\/o:p><\/p><p>Tutores <o:p><\/o:p><\/p><p>Coordinadores de instituto <o:p><\/o:p><\/p><p>Proceso de instituto (su naturaleza y funcionamiento) <o:p><\/o:p><\/p><p>Secuencia de cursos <o:p><\/o:p><\/p><p>Clases de ni\u00f1os <o:p><\/o:p><\/p><p>Grupos prejuveniles<o:p><\/o:p><\/p><p>Labor del Comit\u00e9 de Ense\u00f1anza <o:p><\/o:p><\/p><p>Acompa\u00f1amiento <o:p><\/o:p><\/p><p>Colaboraci\u00f3n y coordinaci\u00f3n entre las agencias e instituciones <o:p><\/o:p><\/p><p>Labor Asambleas Espirituales Locales<o:p><\/o:p><\/p><p>Labor Asambleas Espirituales Nacionales <o:p><\/o:p><\/p><p>Junta del Instituto<o:p><\/o:p><\/p><p>Labor de los Consejeros<o:p><\/o:p><\/p><p>Labor de los Miembros Auxiliares y sus ayudantes <o:p><\/o:p><\/p><p>Instituciones del Orden Administrativo <o:p><\/o:p><\/p><p>Proceso de construcci\u00f3n de comunidad <o:p><\/o:p><\/p><p>Acci\u00f3n social y los discursos <o:p><\/o:p><\/p><p>Palabras de aliento <o:p><\/o:p><\/p><p>Car\u00e1cter devocional <o:p><\/o:p><\/p><p>Logros y metas <o:p><\/o:p><\/p><p>Agrupaci\u00f3n <o:p><\/o:p><\/p><p>Programa de crecimiento <o:p><\/o:p><\/p><p>Primer hito<o:p><\/o:p><\/p><p>Segundo hito<o:p><\/o:p><\/p><p>Tercer hito<o:p><\/o:p><\/p><p>Estructura del instituto en la agrupaci\u00f3n <o:p><\/o:p><\/p><p>Apoyo entre agrupaciones <o:p><\/o:p><\/p><p>Pionerismo <o:p><\/o:p><\/p><p>Desaf\u00edos<o:p><\/o:p><\/p><p>Estructuras que dan soporte al proceso <o:p><\/o:p><\/p><p>Servicio en las instituciones y agencias <o:p><\/o:p><\/p><p>Requisitos para lograr el crecimiento <o:p><\/o:p><\/p><p>Manejo de las gu\u00edas y su importancia <o:p><\/o:p><\/p><p>T\u00e9rminos de proceso <o:p><\/o:p><\/p><p>Protagonistas del Plan <o:p><\/o:p><\/p><p>Bah\u00e1\u2019\u00eds de Ir\u00e1n<o:p><\/o:p><\/p><p>Magnitud de la Revelaci\u00f3n de Bah\u00e1\u2019u\u2019ll\u00e1h <o:p><\/o:p><\/p><p>Creaci\u00f3n de capacidad <o:p><\/o:p><\/p><p>Participaci\u00f3n de la comunidad bah\u00e1\u2019\u00ed con la sociedad <o:p><\/o:p><\/p><p>Casas de Adoraci\u00f3n <o:p><\/o:p><\/p><p>Proceso de desintegraci\u00f3n <o:p><\/o:p><\/p><p>Asuntos externos <o:p><\/o:p><\/p><p>N\u00facleos de apoyo y ayuda mutuos <o:p><\/o:p><\/p><p>Espacios de reflexi\u00f3n y planificaci\u00f3n<o:p><\/o:p><\/p><p>Manejo de los Fondos <o:p><\/o:p><\/p><p>D\u00edas Sagrados <o:p><\/o:p><\/p><p>Santuario de \u2018Abdu\u2019l-Bah\u00e1<o:p><\/o:p><\/p><\/div><\/div><\/div>\t\t\t\t\t<\/div>\n\t\t\t\t\t\t<\/div>\n\t\t\t\t<\/div>\n\t\t\t\t<div class=\"elementor-element elementor-element-f75431a elementor-widget elementor-widget-image\" data-id=\"f75431a\" data-element_type=\"widget\" data-widget_type=\"image.default\">\n\t\t\t\t<div class=\"elementor-widget-container\">\n\t\t\t\t\t\t\t\t<div class=\"elementor-image\">\n\t\t\t\t\t\t\t\t\t<figure class=\"wp-caption\">\n\t\t\t\t\t\t\t\t\t\t\t<a href=\"http:\/\/bahai-canarias.es\/guias\">\n\t\t\t\t\t\t\t<img width=\"150\" height=\"150\" src=\"https:\/\/bahai-canarias.es\/guias\/wp-content\/uploads\/LOGO_ESTRELLAGRIS_BAHAI-150x150.png\" class=\"attachment-thumbnail size-thumbnail\" alt=\"\" loading=\"lazy\" srcset=\"https:\/\/bahai-canarias.es\/guias\/wp-content\/uploads\/LOGO_ESTRELLAGRIS_BAHAI-150x150.png 150w, https:\/\/bahai-canarias.es\/guias\/wp-content\/uploads\/LOGO_ESTRELLAGRIS_BAHAI.png 300w\" sizes=\"(max-width: 150px) 100vw, 150px\" \/>\t\t\t\t\t\t\t\t<\/a>\n\t\t\t\t\t\t\t\t\t\t\t<figcaption class=\"widget-image-caption wp-caption-text\"><\/figcaption>\n\t\t\t\t\t\t\t\t\t\t<\/figure>\n\t\t\t\t\t\t\t\t<\/div>\n\t\t\t\t\t\t<\/div>\n\t\t\t\t<\/div>\n\t\t\t\t<div class=\"elementor-element elementor-element-08aa98c elementor-widget elementor-widget-text-editor\" data-id=\"08aa98c\" data-element_type=\"widget\" data-widget_type=\"text-editor.default\">\n\t\t\t\t<div class=\"elementor-widget-container\">\n\t\t\t\t\t\t\t\t<div class=\"elementor-text-editor elementor-clearfix\">\n\t\t\t\t<p><span style=\"color: #ffffff;\"><a href=\"https:\/\/www.bahai-canarias.es\" style=\"color: #ffffff;\">Comunidad Bah\u00e1&#8217;\u00ed de Canarias<\/a><\/span><\/p><div><\/div><div><\/div><div><\/div>\t\t\t\t\t<\/div>\n\t\t\t\t\t\t<\/div>\n\t\t\t\t<\/div>\n\t\t\t\t\t\t<\/div>\n\t\t\t\t\t<\/div>\n\t\t<\/div>\n\t\t\t\t\t\t\t\t<\/div>\n\t\t\t\t\t<\/div>\n\t\t<\/section>\n\t\t\t\t\t\t<\/div>\n\t\t\t\t\t\t<\/div>\n\t\t\t\t\t<\/div>\n\t\t","protected":false},"excerpt":{"rendered":"<p>Documentos y gu\u00edas Referencias\u00a0 Conversaciones significativas J\u00f3venes Ense\u00f1anza de la fe Aumento de recursos y de la participaci\u00f3n Barrios o centros de actividad intensa Apropiaci\u00f3n Receptividad Cultura y ambiente proceso de crecimiento Tutores Coordinadores de instituto Proceso de instituto (su naturaleza y funcionamiento) Secuencia de cursos Clases de ni\u00f1os Grupos<\/p>\n","protected":false},"author":1,"featured_media":0,"parent":0,"menu_order":0,"comment_status":"closed","ping_status":"closed","template":"elementor_header_footer","meta":[],"_links":{"self":[{"href":"https:\/\/bahai-canarias.es\/guias\/wp-json\/wp\/v2\/pages\/4285"}],"collection":[{"href":"https:\/\/bahai-canarias.es\/guias\/wp-json\/wp\/v2\/pages"}],"about":[{"href":"https:\/\/bahai-canarias.es\/guias\/wp-json\/wp\/v2\/types\/page"}],"author":[{"embeddable":true,"href":"https:\/\/bahai-canarias.es\/guias\/wp-json\/wp\/v2\/users\/1"}],"replies":[{"embeddable":true,"href":"https:\/\/bahai-canarias.es\/guias\/wp-json\/wp\/v2\/comments?post=4285"}],"version-history":[{"count":130,"href":"https:\/\/bahai-canarias.es\/guias\/wp-json\/wp\/v2\/pages\/4285\/revisions"}],"predecessor-version":[{"id":6512,"href":"https:\/\/bahai-canarias.es\/guias\/wp-json\/wp\/v2\/pages\/4285\/revisions\/6512"}],"wp:attachment":[{"href":"https:\/\/bahai-canarias.es\/guias\/wp-json\/wp\/v2\/media?parent=4285"}],"curies":[{"name":"wp","href":"https:\/\/api.w.org\/{rel}","templated":true}]}}